{"id":4250,"date":"2024-02-06T12:42:05","date_gmt":"2024-02-06T12:42:05","guid":{"rendered":"https:\/\/www.betamaxfamily.be\/about-minimal-portfolio-copy\/"},"modified":"2024-02-06T13:47:51","modified_gmt":"2024-02-06T13:47:51","slug":"press-2","status":"publish","type":"page","link":"https:\/\/thomasisrael.be\/fr\/press-2\/","title":{"rendered":"Press"},"content":{"rendered":"[vc_row type=\u00a0\u00bbfull_width_background\u00a0\u00bb full_screen_row_position=\u00a0\u00bbmiddle\u00a0\u00bb column_margin=\u00a0\u00bbdefault\u00a0\u00bb equal_height=\u00a0\u00bbyes\u00a0\u00bb content_placement=\u00a0\u00bbmiddle\u00a0\u00bb column_direction=\u00a0\u00bbdefault\u00a0\u00bb column_direction_tablet=\u00a0\u00bbdefault\u00a0\u00bb column_direction_phone=\u00a0\u00bbdefault\u00a0\u00bb bg_color=\u00a0\u00bb#ffffff\u00a0\u00bb scene_position=\u00a0\u00bbcenter\u00a0\u00bb top_padding=\u00a0\u00bb4%\u00a0\u00bb bottom_padding=\u00a0\u00bb7%\u00a0\u00bb text_color=\u00a0\u00bbdark\u00a0\u00bb text_align=\u00a0\u00bbleft\u00a0\u00bb row_border_radius=\u00a0\u00bbnone\u00a0\u00bb row_border_radius_applies=\u00a0\u00bbbg\u00a0\u00bb overflow=\u00a0\u00bbvisible\u00a0\u00bb overlay_strength=\u00a0\u00bb0.3&Prime; gradient_direction=\u00a0\u00bbleft_to_right\u00a0\u00bb shape_divider_position=\u00a0\u00bbbottom\u00a0\u00bb bg_image_animation=\u00a0\u00bbnone\u00a0\u00bb][vc_column column_padding=\u00a0\u00bbno-extra-padding\u00a0\u00bb column_padding_tablet=\u00a0\u00bbinherit\u00a0\u00bb column_padding_phone=\u00a0\u00bbinherit\u00a0\u00bb column_padding_position=\u00a0\u00bball\u00a0\u00bb column_element_direction_desktop=\u00a0\u00bbdefault\u00a0\u00bb column_element_spacing=\u00a0\u00bbdefault\u00a0\u00bb desktop_text_alignment=\u00a0\u00bbdefault\u00a0\u00bb tablet_text_alignment=\u00a0\u00bbdefault\u00a0\u00bb phone_text_alignment=\u00a0\u00bbdefault\u00a0\u00bb background_color_opacity=\u00a0\u00bb1&Prime; background_hover_color_opacity=\u00a0\u00bb1&Prime; column_backdrop_filter=\u00a0\u00bbnone\u00a0\u00bb column_shadow=\u00a0\u00bbnone\u00a0\u00bb column_border_radius=\u00a0\u00bbnone\u00a0\u00bb column_link_target=\u00a0\u00bb_self\u00a0\u00bb column_position=\u00a0\u00bbdefault\u00a0\u00bb gradient_direction=\u00a0\u00bbleft_to_right\u00a0\u00bb overlay_strength=\u00a0\u00bb0.3&Prime; width=\u00a0\u00bb1\/2&Prime; tablet_width_inherit=\u00a0\u00bbdefault\u00a0\u00bb animation_type=\u00a0\u00bbdefault\u00a0\u00bb bg_image_animation=\u00a0\u00bbnone\u00a0\u00bb border_type=\u00a0\u00bbsimple\u00a0\u00bb column_border_width=\u00a0\u00bbnone\u00a0\u00bb column_border_style=\u00a0\u00bbsolid\u00a0\u00bb column_padding_type=\u00a0\u00bbdefault\u00a0\u00bb gradient_type=\u00a0\u00bbdefault\u00a0\u00bb][vc_gallery type=\u00a0\u00bbflickity_static_height_style\u00a0\u00bb images=\u00a0\u00bb1817,2630,1830&Prime; flickity_spacing=\u00a0\u00bbdefault\u00a0\u00bb flickity_controls=\u00a0\u00bbpagination\u00a0\u00bb flickity_overflow=\u00a0\u00bbhidden\u00a0\u00bb flickity_wrap_around=\u00a0\u00bbwrap\u00a0\u00bb flickity_box_shadow=\u00a0\u00bbnone\u00a0\u00bb image_loading=\u00a0\u00bbdefault\u00a0\u00bb onclick=\u00a0\u00bblink_image\u00a0\u00bb flickity_img_height=\u00a0\u00bb800&Prime;][\/vc_column][vc_column column_padding=\u00a0\u00bbpadding-6-percent\u00a0\u00bb column_padding_tablet=\u00a0\u00bbinherit\u00a0\u00bb column_padding_phone=\u00a0\u00bbinherit\u00a0\u00bb column_padding_position=\u00a0\u00bball\u00a0\u00bb column_element_direction_desktop=\u00a0\u00bbdefault\u00a0\u00bb column_element_spacing=\u00a0\u00bbdefault\u00a0\u00bb desktop_text_alignment=\u00a0\u00bbdefault\u00a0\u00bb tablet_text_alignment=\u00a0\u00bbdefault\u00a0\u00bb phone_text_alignment=\u00a0\u00bbdefault\u00a0\u00bb background_color_opacity=\u00a0\u00bb1&Prime; background_hover_color_opacity=\u00a0\u00bb1&Prime; column_backdrop_filter=\u00a0\u00bbnone\u00a0\u00bb column_shadow=\u00a0\u00bbnone\u00a0\u00bb column_border_radius=\u00a0\u00bbnone\u00a0\u00bb column_link_target=\u00a0\u00bb_self\u00a0\u00bb column_position=\u00a0\u00bbdefault\u00a0\u00bb gradient_direction=\u00a0\u00bbleft_to_right\u00a0\u00bb overlay_strength=\u00a0\u00bb0.3&Prime; width=\u00a0\u00bb1\/2&Prime; tablet_width_inherit=\u00a0\u00bbdefault\u00a0\u00bb animation_type=\u00a0\u00bbdefault\u00a0\u00bb bg_image_animation=\u00a0\u00bbnone\u00a0\u00bb border_type=\u00a0\u00bbsimple\u00a0\u00bb column_border_width=\u00a0\u00bbnone\u00a0\u00bb column_border_style=\u00a0\u00bbsolid\u00a0\u00bb][vc_custom_heading text=\u00a0\u00bbPress\u00a0\u00bb font_container=\u00a0\u00bbtag:h1|text_align:left|color:%23bfbfbf\u00a0\u00bb use_theme_fonts=\u00a0\u00bbyes\u00a0\u00bb css=\u00a0\u00bb.vc_custom_1707224149535{margin-bottom: 10px !important;}\u00a0\u00bb][vc_custom_heading text=\u00a0\u00bbGeneral\u00a0\u00bb font_container=\u00a0\u00bbtag:h2|font_size:40|text_align:left|line_height:50px\u00a0\u00bb use_theme_fonts=\u00a0\u00bbyes\u00a0\u00bb][vc_column_text css=\u00a0\u00bb.vc_custom_1707226513074{margin-top: 30px !important;margin-bottom: 30px !important;}\u00a0\u00bb text_direction=\u00a0\u00bbdefault\u00a0\u00bb]<a href=\"http:\/\/www.thomasisrael.be\/wp-content\/uploads\/2018\/02\/Regards-Mensuel-CCLJ-1-2018-Portrait-web.jpg\" target=\"_blank\" rel=\"noopener\">REGARDS \u2013 Portrait \u2013 2018<\/a><\/p>\n<div class=\"wpb_text_column wpb_content_element \">\n<div class=\"wpb_wrapper\">\n<p><a href=\"http:\/\/madame.lefigaro.fr\/societe\/in-the-mood-for-snob-290812-274242\" target=\"_blank\" rel=\"noopener\">Madame Figaro \u201cOn d\u00e9marre sa collection d\u2019art num\u00e9rique\u201d<\/a> 9-2012<\/p>\n<p><a href=\"http:\/\/www.thomasisrael.be\/wp-content\/uploads\/2014\/08\/0081BEF34BA8D922.jpg\">Muerto (journal mensuel artistique Hongrois) \u2013 Kozma Zsolt<\/a>\u00a07-2007<br \/>\n<a href=\"http:\/\/www.exporevue.com\/magazine\/fr\/thomas_israel.html\" target=\"_blank\" rel=\"noopener\">Exporevue \u2013 Philippe Ag\u00e9a<\/a>\u00a011-2006<\/p>\n<\/div>\n<\/div>\n[\/vc_column_text][divider line_type=\u00a0\u00bbNo Line\u00a0\u00bb custom_height=\u00a0\u00bb50&Prime;][vc_custom_heading text=\u00a0\u00bbTV\u00a0\u00bb font_container=\u00a0\u00bbtag:h5|text_align:left|color:%23bfbfbf\u00a0\u00bb use_theme_fonts=\u00a0\u00bbyes\u00a0\u00bb css=\u00a0\u00bb.vc_custom_1707223504092{margin-bottom: 10px !important;}\u00a0\u00bb][vc_column_text css=\u00a0\u00bb.vc_custom_1707226950545{margin-top: 30px !important;margin-bottom: 30px !important;}\u00a0\u00bb text_direction=\u00a0\u00bbdefault\u00a0\u00bb]\n<div class=\"wpb_text_column wpb_content_element \">\n<div class=\"wpb_wrapper\">BX1: <a href=\"https:\/\/www.facebook.com\/BX1officiel\/videos\/714132527170287\">Mont Des Arts &#8211; L&rsquo;AI un danger pour la culture<\/a>? (06\/04\/2023)<\/div>\n<div class=\"wpb_wrapper\">Reportage: <a href=\"http:\/\/www.thomasisrael.be\/berger_portfolio\/meta-crane\" target=\"_blank\" rel=\"noopener\">M\u00e9ta-cr\u00e2ne \u00e0 Bastogne<\/a><br \/>\nLe Lit Tr\u00f6M au Festival Vid\u00e9oformes:\u00a0<a href=\"http:\/\/www.thomasisrael.be\/berger_portfolio\/horizon-trom\" target=\"_blank\" rel=\"noopener\">FR3 et Clermont Premi\u00e8re<\/a>\u00a04-2006<\/div>\n<\/div>\n[\/vc_column_text][vc_custom_heading text=\u00a0\u00bbAbout a specific Exhibition\u00a0\u00bb font_container=\u00a0\u00bbtag:h2|font_size:40|text_align:left|line_height:50px\u00a0\u00bb use_theme_fonts=\u00a0\u00bbyes\u00a0\u00bb][vc_column_text css=\u00a0\u00bb.vc_custom_1707226741836{margin-top: 30px !important;margin-bottom: 30px !important;}\u00a0\u00bb text_direction=\u00a0\u00bbdefault\u00a0\u00bb]\n<div class=\"wpb_text_column wpb_content_element \">\n<div class=\"wpb_wrapper\">Lib\u00e9ration, critique <a href=\"https:\/\/www.liberation.fr\/culture\/2020\/02\/02\/guillaume-connesson-on-ne-sait-meme-plus-ce-que-le-mot-opera-veut-dire_1776769\/\">Les Bains Macabres <\/a><br \/>\nExposition DREAMTIME: <a href=\"http:\/\/www.thomasisrael.be\/wp-content\/uploads\/2014\/08\/ART-PRESS-7-8-09-j.jpg\" target=\"_blank\" rel=\"noopener\"><i>ARTPRESS juillet\/aout 2009<\/i><\/a><i>\u00a0et\u00a0<a href=\"http:\/\/www.thomasisrael.be\/pdf\/artactuel_dreamtime.pdf\" target=\"_blank\" rel=\"noopener\">ART ACTUEL<\/a><\/i><br \/>\n<i>Percept aux Bains Num\u00e9riques:\u00a0<a href=\"http:\/\/www.thomasisrael.be\/pdf\/PERCEPT-Presse-Bains-Numeriques-09@DANSER.pdf\" target=\"_blank\" rel=\"noopener\">Danser<\/a><\/i><br \/>\nExposition There is no spoon :\u00a0<a href=\"http:\/\/www.thomasisrael.be\/berger_portfolio\/there-is-no-spoon\" target=\"_blank\" rel=\"noopener\">La libre Belgique \u2013 C. Laurent<\/a>\u00a011-4-2007<br \/>\nExhibition at MoMA :\u00a0<a href=\"http:\/\/www.thomasisrael.be\/pdf\/article_wall_street_journal_13-10-06_print.pdf\" target=\"_blank\" rel=\"noopener\">Wall Street journal<\/a>\u00a013-10-06<br \/>\nExhibition \u2026Thy rope of send\u2026:\u00a0<a href=\"http:\/\/www.thomasisrael.be\/pdf\/Thomas_Israel_Arte_y_Parte0002.PDF\" target=\"_blank\" rel=\"noopener\">Arte y Parte<\/a>\u00a012-2007<br \/>\nInauguration de IMAL:\u00a0<a href=\"http:\/\/www.thomasisrael.be\/wp-content\/uploads\/2014\/08\/65F1CA187DCC5891.jpg\" target=\"_blank\" rel=\"noopener\">La Libre Culture \u2013\u00a0 Michi-Hiro Tama\u00ef<\/a>\u00a06-10-2007<br \/>\nThere is no spoon:\u00a0<a href=\"http:\/\/www.thomasisrael.be\/wp-content\/uploads\/2014\/08\/19606D7A0A9A4410.gif\" target=\"_blank\" rel=\"noopener\">C. Laurent \u2013 La Libre Belgique<\/a><br \/>\nHorizon Tr\u00f6M:\u00a0<a href=\"http:\/\/www.thomasisrael.be\/wp-content\/uploads\/2014\/08\/70FFB44568AA9B30.gif\" target=\"_blank\" rel=\"noopener\">Sc\u00e8ne \u2013 C\u00e9dric Juliens<\/a>\u00a06-2005<\/div>\n<\/div>\n[\/vc_column_text][divider line_type=\u00a0\u00bbNo Line\u00a0\u00bb custom_height=\u00a0\u00bb50&Prime;][\/vc_column][\/vc_row]\n","protected":false},"excerpt":{"rendered":"<p>[vc_row type=\u00a0\u00bbfull_width_background\u00a0\u00bb full_screen_row_position=\u00a0\u00bbmiddle\u00a0\u00bb column_margin=\u00a0\u00bbdefault\u00a0\u00bb equal_height=\u00a0\u00bbyes\u00a0\u00bb content_placement=\u00a0\u00bbmiddle\u00a0\u00bb column_direction=\u00a0\u00bbdefault\u00a0\u00bb column_direction_tablet=\u00a0\u00bbdefault\u00a0\u00bb column_direction_phone=\u00a0\u00bbdefault\u00a0\u00bb bg_color=\u00a0\u00bb#ffffff\u00a0\u00bb scene_position=\u00a0\u00bbcenter\u00a0\u00bb top_padding=\u00a0\u00bb4%\u00a0\u00bb bottom_padding=\u00a0\u00bb7%\u00a0\u00bb text_color=\u00a0\u00bbdark\u00a0\u00bb text_align=\u00a0\u00bbleft\u00a0\u00bb row_border_radius=\u00a0\u00bbnone\u00a0\u00bb row_border_radius_applies=\u00a0\u00bbbg\u00a0\u00bb overflow=\u00a0\u00bbvisible\u00a0\u00bb overlay_strength=\u00a0\u00bb0.3&Prime; gradient_direction=\u00a0\u00bbleft_to_right\u00a0\u00bb shape_divider_position=\u00a0\u00bbbottom\u00a0\u00bb bg_image_animation=\u00a0\u00bbnone\u00a0\u00bb][vc_column column_padding=\u00a0\u00bbno-extra-padding\u00a0\u00bb column_padding_tablet=\u00a0\u00bbinherit\u00a0\u00bb column_padding_phone=\u00a0\u00bbinherit\u00a0\u00bb column_padding_position=\u00a0\u00bball\u00a0\u00bb column_element_direction_desktop=\u00a0\u00bbdefault\u00a0\u00bb column_element_spacing=\u00a0\u00bbdefault\u00a0\u00bb desktop_text_alignment=\u00a0\u00bbdefault\u00a0\u00bb tablet_text_alignment=\u00a0\u00bbdefault\u00a0\u00bb&#8230;<\/p>\n","protected":false},"author":1,"featured_media":0,"parent":0,"menu_order":0,"comment_status":"closed","ping_status":"closed","template":"","meta":{"footnotes":""},"_links":{"self":[{"href":"https:\/\/thomasisrael.be\/fr\/wp-json\/wp\/v2\/pages\/4250"}],"collection":[{"href":"https:\/\/thomasisrael.be\/fr\/wp-json\/wp\/v2\/pages"}],"about":[{"href":"https:\/\/thomasisrael.be\/fr\/wp-json\/wp\/v2\/types\/page"}],"author":[{"embeddable":true,"href":"https:\/\/thomasisrael.be\/fr\/wp-json\/wp\/v2\/users\/1"}],"replies":[{"embeddable":true,"href":"https:\/\/thomasisrael.be\/fr\/wp-json\/wp\/v2\/comments?post=4250"}],"version-history":[{"count":6,"href":"https:\/\/thomasisrael.be\/fr\/wp-json\/wp\/v2\/pages\/4250\/revisions"}],"predecessor-version":[{"id":4257,"href":"https:\/\/thomasisrael.be\/fr\/wp-json\/wp\/v2\/pages\/4250\/revisions\/4257"}],"wp:attachment":[{"href":"https:\/\/thomasisrael.be\/fr\/wp-json\/wp\/v2\/media?parent=4250"}],"curies":[{"name":"wp","href":"https:\/\/api.w.org\/{rel}","templated":true}]}}